{"id":4215,"date":"2022-04-19T21:03:45","date_gmt":"2022-04-19T19:03:45","guid":{"rendered":"https:\/\/www.hotelsorradauradasplash.com\/piscine-et-terrasses\/"},"modified":"2025-10-14T20:01:56","modified_gmt":"2025-10-14T18:01:56","slug":"piscine-et-terrasses","status":"publish","type":"page","link":"https:\/\/www.hotelsorradauradasplash.com\/fr\/services-et-installations\/piscine-et-terrasses\/","title":{"rendered":"Piscine et terrasses"},"content":{"rendered":"\t\t<div data-elementor-type=\"wp-page\" data-elementor-id=\"4215\" class=\"elementor elementor-4215 elementor-1264\" data-elementor-post-type=\"page\">\n\t\t\t\t\t\t<section class=\"elementor-section elementor-top-section elementor-element elementor-element-17e91f6 elementor-section-boxed elementor-section-height-default elementor-section-height-default\" data-id=\"17e91f6\" data-element_type=\"section\" data-e-type=\"section\" id=\"webcontent\" data-settings=\"{&quot;jet_parallax_layout_list&quot;:[],&quot;background_background&quot;:&quot;gradient&quot;,&quot;shape_divider_bottom&quot;:&quot;waves&quot;}\">\n\t\t\t\t\t<div class=\"elementor-shape elementor-shape-bottom\" aria-hidden=\"true\" data-negative=\"false\">\n\t\t\t<svg xmlns=\"http:\/\/www.w3.org\/2000\/svg\" viewBox=\"0 0 1000 100\" preserveAspectRatio=\"none\">\n\t<path class=\"elementor-shape-fill\" d=\"M421.9,6.5c22.6-2.5,51.5,0.4,75.5,5.3c23.6,4.9,70.9,23.5,100.5,35.7c75.8,32.2,133.7,44.5,192.6,49.7\n\tc23.6,2.1,48.7,3.5,103.4-2.5c54.7-6,106.2-25.6,106.2-25.6V0H0v30.3c0,0,72,32.6,158.4,30.5c39.2-0.7,92.8-6.7,134-22.4\n\tc21.2-8.1,52.2-18.2,79.7-24.2C399.3,7.9,411.6,7.5,421.9,6.5z\"\/>\n<\/svg>\t\t<\/div>\n\t\t\t\t\t<div class=\"elementor-container elementor-column-gap-default\">\n\t\t\t\t\t<div class=\"elementor-column elementor-col-100 elementor-top-column elementor-element elementor-element-2cddaa1\" data-id=\"2cddaa1\" data-element_type=\"column\" data-e-type=\"column\">\n\t\t\t<div class=\"elementor-widget-wrap elementor-element-populated\">\n\t\t\t\t\t\t<div class=\"elementor-element elementor-element-469621e elementor-widget elementor-widget-heading\" data-id=\"469621e\" data-element_type=\"widget\" data-e-type=\"widget\" data-widget_type=\"heading.default\">\n\t\t\t\t<div class=\"elementor-widget-container\">\n\t\t\t\t\t<h4 class=\"elementor-heading-title elementor-size-default\">JOUIR<\/h4>\t\t\t\t<\/div>\n\t\t\t\t<\/div>\n\t\t\t\t<div class=\"elementor-element elementor-element-2e9f1d4 elementor-widget elementor-widget-heading\" data-id=\"2e9f1d4\" data-element_type=\"widget\" data-e-type=\"widget\" data-widget_type=\"heading.default\">\n\t\t\t\t<div class=\"elementor-widget-container\">\n\t\t\t\t\t<h2 class=\"elementor-heading-title elementor-size-default\">Un lieu de plaisir rafra\u00eechissant<\/h2>\t\t\t\t<\/div>\n\t\t\t\t<\/div>\n\t\t\t\t<div class=\"elementor-element elementor-element-d754247 elementor-widget__width-initial elementor-widget elementor-widget-text-editor\" data-id=\"d754247\" data-element_type=\"widget\" data-e-type=\"widget\" data-widget_type=\"text-editor.default\">\n\t\t\t\t<div class=\"elementor-widget-container\">\n\t\t\t\t\t\t\t\t\t<p>Nous pr\u00e9sentons l\u2019un des domaines pr\u00e9f\u00e9r\u00e9s de nos clients. Un endroit o\u00f9 vous pourrez profiter des plaisirs des vacances tels que se rafra\u00eechir dans la piscine ou bronzer tout en prenant un d\u00e9licieux ap\u00e9ritif.<\/p>\t\t\t\t\t\t\t\t<\/div>\n\t\t\t\t<\/div>\n\t\t\t\t\t<\/div>\n\t\t<\/div>\n\t\t\t\t\t<\/div>\n\t\t<\/section>\n\t\t\t\t<section class=\"elementor-section elementor-top-section elementor-element elementor-element-ec95f83 elementor-section-boxed elementor-section-height-default elementor-section-height-default\" data-id=\"ec95f83\" data-element_type=\"section\" data-e-type=\"section\" data-settings=\"{&quot;jet_parallax_layout_list&quot;:[],&quot;background_background&quot;:&quot;classic&quot;}\">\n\t\t\t\t\t\t<div class=\"elementor-container elementor-column-gap-default\">\n\t\t\t\t\t<div class=\"elementor-column elementor-col-50 elementor-top-column elementor-element elementor-element-1a45bbe\" data-id=\"1a45bbe\" data-element_type=\"column\" data-e-type=\"column\">\n\t\t\t<div class=\"elementor-widget-wrap elementor-element-populated\">\n\t\t\t\t\t\t<div class=\"elementor-element elementor-element-d66451e elementor-widget elementor-widget-image\" data-id=\"d66451e\" data-element_type=\"widget\" data-e-type=\"widget\" data-widget_type=\"image.default\">\n\t\t\t\t<div class=\"elementor-widget-container\">\n\t\t\t\t\t\t\t\t\t\t\t\t\t\t\t<img fetchpriority=\"high\" decoding=\"async\" width=\"768\" height=\"1024\" src=\"https:\/\/www.hotelsorradauradasplash.com\/wp-content\/uploads\/2023\/04\/IMG_3517-768x1024.jpeg\" class=\"attachment-large size-large wp-image-4069\" alt=\"\" srcset=\"https:\/\/www.hotelsorradauradasplash.com\/wp-content\/uploads\/2023\/04\/IMG_3517-768x1024.jpeg 768w, https:\/\/www.hotelsorradauradasplash.com\/wp-content\/uploads\/2023\/04\/IMG_3517-225x300.jpeg 225w, https:\/\/www.hotelsorradauradasplash.com\/wp-content\/uploads\/2023\/04\/IMG_3517-1152x1536.jpeg 1152w, https:\/\/www.hotelsorradauradasplash.com\/wp-content\/uploads\/2023\/04\/IMG_3517-1536x2048.jpeg 1536w, https:\/\/www.hotelsorradauradasplash.com\/wp-content\/uploads\/2023\/04\/IMG_3517-scaled.jpeg 1920w\" sizes=\"(max-width: 768px) 100vw, 768px\" title=\"\">\t\t\t\t\t\t\t\t\t\t\t\t\t\t\t<\/div>\n\t\t\t\t<\/div>\n\t\t\t\t\t<\/div>\n\t\t<\/div>\n\t\t\t\t<div class=\"elementor-column elementor-col-50 elementor-top-column elementor-element elementor-element-a572fca\" data-id=\"a572fca\" data-element_type=\"column\" data-e-type=\"column\">\n\t\t\t<div class=\"elementor-widget-wrap elementor-element-populated\">\n\t\t\t\t\t\t<div class=\"elementor-element elementor-element-de4c863 elementor-position-inline-start elementor-view-default elementor-mobile-position-block-start elementor-widget elementor-widget-icon-box\" data-id=\"de4c863\" data-element_type=\"widget\" data-e-type=\"widget\" data-widget_type=\"icon-box.default\">\n\t\t\t\t<div class=\"elementor-widget-container\">\n\t\t\t\t\t\t\t<div class=\"elementor-icon-box-wrapper\">\n\n\t\t\t\t\t\t<div class=\"elementor-icon-box-icon\">\n\t\t\t\t<span  class=\"elementor-icon\">\n\t\t\t\t<i aria-hidden=\"true\" class=\"fas fa-swimming-pool\"><\/i>\t\t\t\t<\/span>\n\t\t\t<\/div>\n\t\t\t\n\t\t\t\t\t\t<div class=\"elementor-icon-box-content\">\n\n\t\t\t\t\t\t\t\t\t<h3 class=\"elementor-icon-box-title\">\n\t\t\t\t\t\t<span  >\n\t\t\t\t\t\t\tPISCINE\t\t\t\t\t\t<\/span>\n\t\t\t\t\t<\/h3>\n\t\t\t\t\n\t\t\t\t\n\t\t\t<\/div>\n\t\t\t\n\t\t<\/div>\n\t\t\t\t\t\t<\/div>\n\t\t\t\t<\/div>\n\t\t\t\t<div class=\"elementor-element elementor-element-0d0a185 elementor-alert-warning elementor-widget elementor-widget-alert\" data-id=\"0d0a185\" data-element_type=\"widget\" data-e-type=\"widget\" data-widget_type=\"alert.default\">\n\t\t\t\t<div class=\"elementor-widget-container\">\n\t\t\t\t\t\t\t<div class=\"elementor-alert\" role=\"alert\">\n\n\t\t\t\t\t\t<span class=\"elementor-alert-title\">DATE DE CL\u00d4TURE<\/span>\n\t\t\t\n\t\t\t\t\t\t<span class=\"elementor-alert-description\">Le 1er novembre, la piscine de l\u2019h\u00f4tel sera ferm\u00e9e au public.<\/span>\n\t\t\t\n\t\t\t\t\t\t<button type=\"button\" class=\"elementor-alert-dismiss\" aria-label=\"Ignorer cette alerte.\">\n\t\t\t\t\t\t\t\t\t<span aria-hidden=\"true\">&times;<\/span>\n\t\t\t\t\t\t\t<\/button>\n\t\t\t\n\t\t<\/div>\n\t\t\t\t\t\t<\/div>\n\t\t\t\t<\/div>\n\t\t\t\t<div class=\"elementor-element elementor-element-a31f7ec elementor-widget elementor-widget-text-editor\" data-id=\"a31f7ec\" data-element_type=\"widget\" data-e-type=\"widget\" data-widget_type=\"text-editor.default\">\n\t\t\t\t<div class=\"elementor-widget-container\">\n\t\t\t\t\t\t\t\t\t<p class=\"pbs\">Notre magnifique piscine donnera tout le sens \u00e0 vos vacances d\u2019\u00e9t\u00e9 sur la c\u00f4te de Barcelone.<\/p><p class=\"pbs\">La piscine de l\u2019H\u00f4tel Sorra Daurada Splash est l\u2019espace id\u00e9al pour vous immerger dans la dimension de la d\u00e9connexion des vacances et vous pr\u00e9parer \u00e0 vivre des moments de d\u00e9tente et de plaisir estival authentique.<\/p><p>La piscine dispose de fontaines d\u2019eau de relaxation pour le dos et la nuque.<\/p>\t\t\t\t\t\t\t\t<\/div>\n\t\t\t\t<\/div>\n\t\t\t\t<div class=\"elementor-element elementor-element-9538b31 elementor-icon-list--layout-traditional elementor-list-item-link-full_width elementor-widget elementor-widget-icon-list\" data-id=\"9538b31\" data-element_type=\"widget\" data-e-type=\"widget\" data-widget_type=\"icon-list.default\">\n\t\t\t\t<div class=\"elementor-widget-container\">\n\t\t\t\t\t\t\t<ul class=\"elementor-icon-list-items\">\n\t\t\t\t\t\t\t<li class=\"elementor-icon-list-item\">\n\t\t\t\t\t\t\t\t\t\t\t<span class=\"elementor-icon-list-icon\">\n\t\t\t\t\t\t\t<i aria-hidden=\"true\" class=\"fas fa-chevron-circle-right\"><\/i>\t\t\t\t\t\t<\/span>\n\t\t\t\t\t\t\t\t\t\t<span class=\"elementor-icon-list-text\"><b>Heures:<\/b> 8:00 \u2013 20:00 heures<\/span>\n\t\t\t\t\t\t\t\t\t<\/li>\n\t\t\t\t\t\t<\/ul>\n\t\t\t\t\t\t<\/div>\n\t\t\t\t<\/div>\n\t\t\t\t<div class=\"elementor-element elementor-element-f8393d2 elementor-icon-list--layout-traditional elementor-list-item-link-full_width elementor-widget elementor-widget-icon-list\" data-id=\"f8393d2\" data-element_type=\"widget\" data-e-type=\"widget\" data-widget_type=\"icon-list.default\">\n\t\t\t\t<div class=\"elementor-widget-container\">\n\t\t\t\t\t\t\t<ul class=\"elementor-icon-list-items\">\n\t\t\t\t\t\t\t<li class=\"elementor-icon-list-item\">\n\t\t\t\t\t\t\t\t\t\t\t<span class=\"elementor-icon-list-icon\">\n\t\t\t\t\t\t\t<i aria-hidden=\"true\" class=\"fas fa-chevron-circle-right\"><\/i>\t\t\t\t\t\t<\/span>\n\t\t\t\t\t\t\t\t\t\t<span class=\"elementor-icon-list-text\"><b>Location de serviettes :<\/b> Libre. Une caution de 20\u20ac par serviette est demand\u00e9e.<\/span>\n\t\t\t\t\t\t\t\t\t<\/li>\n\t\t\t\t\t\t<\/ul>\n\t\t\t\t\t\t<\/div>\n\t\t\t\t<\/div>\n\t\t\t\t\t<\/div>\n\t\t<\/div>\n\t\t\t\t\t<\/div>\n\t\t<\/section>\n\t\t\t\t<section class=\"elementor-section elementor-top-section elementor-element elementor-element-98db656 elementor-reverse-tablet elementor-section-boxed elementor-section-height-default elementor-section-height-default\" data-id=\"98db656\" data-element_type=\"section\" data-e-type=\"section\" data-settings=\"{&quot;jet_parallax_layout_list&quot;:[],&quot;background_background&quot;:&quot;classic&quot;}\">\n\t\t\t\t\t\t<div class=\"elementor-container elementor-column-gap-default\">\n\t\t\t\t\t<div class=\"elementor-column elementor-col-50 elementor-top-column elementor-element elementor-element-9347761\" data-id=\"9347761\" data-element_type=\"column\" data-e-type=\"column\">\n\t\t\t<div class=\"elementor-widget-wrap elementor-element-populated\">\n\t\t\t\t\t\t<div class=\"elementor-element elementor-element-6afd710 elementor-position-inline-start elementor-view-default elementor-mobile-position-block-start elementor-widget elementor-widget-icon-box\" data-id=\"6afd710\" data-element_type=\"widget\" data-e-type=\"widget\" data-widget_type=\"icon-box.default\">\n\t\t\t\t<div class=\"elementor-widget-container\">\n\t\t\t\t\t\t\t<div class=\"elementor-icon-box-wrapper\">\n\n\t\t\t\t\t\t<div class=\"elementor-icon-box-icon\">\n\t\t\t\t<span  class=\"elementor-icon\">\n\t\t\t\t<i aria-hidden=\"true\" class=\"fas fa-sun\"><\/i>\t\t\t\t<\/span>\n\t\t\t<\/div>\n\t\t\t\n\t\t\t\t\t\t<div class=\"elementor-icon-box-content\">\n\n\t\t\t\t\t\t\t\t\t<div class=\"elementor-icon-box-title\">\n\t\t\t\t\t\t<span  >\n\t\t\t\t\t\t\tSOLARIUM\t\t\t\t\t\t<\/span>\n\t\t\t\t\t<\/div>\n\t\t\t\t\n\t\t\t\t\n\t\t\t<\/div>\n\t\t\t\n\t\t<\/div>\n\t\t\t\t\t\t<\/div>\n\t\t\t\t<\/div>\n\t\t\t\t<div class=\"elementor-element elementor-element-e27a8a3 elementor-widget elementor-widget-text-editor\" data-id=\"e27a8a3\" data-element_type=\"widget\" data-e-type=\"widget\" data-widget_type=\"text-editor.default\">\n\t\t\t\t<div class=\"elementor-widget-container\">\n\t\t\t\t\t\t\t\t\t<p>Autour de la piscine, une grande terrasse ensoleill\u00e9e \u00e9quip\u00e9e de confortables chaises longues et de parasols constitue le cadre id\u00e9al pour vos vacances d\u2019\u00e9t\u00e9 de r\u00eave \u00e0 Malgrat de Mar.<\/p><p>Nos clients peuvent se d\u00e9tendre sur leur chaise longue tout en d\u00e9gustant des boissons, des collations ou des glaces. C\u2019est l\u2019espace id\u00e9al pour se d\u00e9tendre et bronzer doucement sous le fantastique soleil m\u00e9diterran\u00e9en.<\/p>\t\t\t\t\t\t\t\t<\/div>\n\t\t\t\t<\/div>\n\t\t\t\t\t<\/div>\n\t\t<\/div>\n\t\t\t\t<div class=\"elementor-column elementor-col-50 elementor-top-column elementor-element elementor-element-ed7f6bd\" data-id=\"ed7f6bd\" data-element_type=\"column\" data-e-type=\"column\">\n\t\t\t<div class=\"elementor-widget-wrap elementor-element-populated\">\n\t\t\t\t\t\t<div class=\"elementor-element elementor-element-efebe97 elementor-widget elementor-widget-image\" data-id=\"efebe97\" data-element_type=\"widget\" data-e-type=\"widget\" data-widget_type=\"image.default\">\n\t\t\t\t<div class=\"elementor-widget-container\">\n\t\t\t\t\t\t\t\t\t\t\t\t\t\t\t<img decoding=\"async\" width=\"800\" height=\"600\" src=\"https:\/\/www.hotelsorradauradasplash.com\/wp-content\/uploads\/2023\/06\/F2EB25A0-81CE-4A3D-9E83-4831D253328A-1024x768.jpg\" class=\"attachment-large size-large wp-image-4673\" alt=\"Terraza\" srcset=\"https:\/\/www.hotelsorradauradasplash.com\/wp-content\/uploads\/2023\/06\/F2EB25A0-81CE-4A3D-9E83-4831D253328A-1024x768.jpg 1024w, https:\/\/www.hotelsorradauradasplash.com\/wp-content\/uploads\/2023\/06\/F2EB25A0-81CE-4A3D-9E83-4831D253328A-300x225.jpg 300w, https:\/\/www.hotelsorradauradasplash.com\/wp-content\/uploads\/2023\/06\/F2EB25A0-81CE-4A3D-9E83-4831D253328A-768x576.jpg 768w, https:\/\/www.hotelsorradauradasplash.com\/wp-content\/uploads\/2023\/06\/F2EB25A0-81CE-4A3D-9E83-4831D253328A-1536x1151.jpg 1536w\" sizes=\"(max-width: 800px) 100vw, 800px\" title=\"\">\t\t\t\t\t\t\t\t\t\t\t\t\t\t\t<\/div>\n\t\t\t\t<\/div>\n\t\t\t\t\t<\/div>\n\t\t<\/div>\n\t\t\t\t\t<\/div>\n\t\t<\/section>\n\t\t\t\t<section class=\"elementor-section elementor-top-section elementor-element elementor-element-502e962 elementor-section-boxed elementor-section-height-default elementor-section-height-default\" data-id=\"502e962\" data-element_type=\"section\" data-e-type=\"section\" data-settings=\"{&quot;jet_parallax_layout_list&quot;:[],&quot;background_background&quot;:&quot;classic&quot;}\">\n\t\t\t\t\t\t<div class=\"elementor-container elementor-column-gap-default\">\n\t\t\t\t\t<div class=\"elementor-column elementor-col-50 elementor-top-column elementor-element elementor-element-afc1636\" data-id=\"afc1636\" data-element_type=\"column\" data-e-type=\"column\">\n\t\t\t<div class=\"elementor-widget-wrap elementor-element-populated\">\n\t\t\t\t\t\t<div class=\"elementor-element elementor-element-abd606a elementor-widget elementor-widget-image\" data-id=\"abd606a\" data-element_type=\"widget\" data-e-type=\"widget\" data-widget_type=\"image.default\">\n\t\t\t\t<div class=\"elementor-widget-container\">\n\t\t\t\t\t\t\t\t\t\t\t\t\t\t\t<img decoding=\"async\" width=\"768\" height=\"1024\" src=\"https:\/\/www.hotelsorradauradasplash.com\/wp-content\/uploads\/2023\/03\/F012CAC8-6F79-4382-B124-AF342DA652A6_1_105_c.jpeg\" class=\"attachment-large size-large wp-image-3915\" alt=\"\" srcset=\"https:\/\/www.hotelsorradauradasplash.com\/wp-content\/uploads\/2023\/03\/F012CAC8-6F79-4382-B124-AF342DA652A6_1_105_c.jpeg 768w, https:\/\/www.hotelsorradauradasplash.com\/wp-content\/uploads\/2023\/03\/F012CAC8-6F79-4382-B124-AF342DA652A6_1_105_c-225x300.jpeg 225w\" sizes=\"(max-width: 768px) 100vw, 768px\" title=\"\">\t\t\t\t\t\t\t\t\t\t\t\t\t\t\t<\/div>\n\t\t\t\t<\/div>\n\t\t\t\t\t<\/div>\n\t\t<\/div>\n\t\t\t\t<div class=\"elementor-column elementor-col-50 elementor-top-column elementor-element elementor-element-aef81a4\" data-id=\"aef81a4\" data-element_type=\"column\" data-e-type=\"column\">\n\t\t\t<div class=\"elementor-widget-wrap elementor-element-populated\">\n\t\t\t\t\t\t<div class=\"elementor-element elementor-element-0b72b6a elementor-position-inline-start elementor-view-default elementor-mobile-position-block-start elementor-widget elementor-widget-icon-box\" data-id=\"0b72b6a\" data-element_type=\"widget\" data-e-type=\"widget\" data-widget_type=\"icon-box.default\">\n\t\t\t\t<div class=\"elementor-widget-container\">\n\t\t\t\t\t\t\t<div class=\"elementor-icon-box-wrapper\">\n\n\t\t\t\t\t\t<div class=\"elementor-icon-box-icon\">\n\t\t\t\t<span  class=\"elementor-icon\">\n\t\t\t\t<i aria-hidden=\"true\" class=\"fas fa-cocktail\"><\/i>\t\t\t\t<\/span>\n\t\t\t<\/div>\n\t\t\t\n\t\t\t\t\t\t<div class=\"elementor-icon-box-content\">\n\n\t\t\t\t\t\t\t\t\t<h3 class=\"elementor-icon-box-title\">\n\t\t\t\t\t\t<span  >\n\t\t\t\t\t\t\tTERRASSE\t\t\t\t\t\t<\/span>\n\t\t\t\t\t<\/h3>\n\t\t\t\t\n\t\t\t\t\n\t\t\t<\/div>\n\t\t\t\n\t\t<\/div>\n\t\t\t\t\t\t<\/div>\n\t\t\t\t<\/div>\n\t\t\t\t<div class=\"elementor-element elementor-element-74bedc5 elementor-widget elementor-widget-text-editor\" data-id=\"74bedc5\" data-element_type=\"widget\" data-e-type=\"widget\" data-widget_type=\"text-editor.default\">\n\t\t\t\t<div class=\"elementor-widget-container\">\n\t\t\t\t\t\t\t\t\t<p>La terrasse de l\u2019H\u00f4tel Sorra Daurada Splash est situ\u00e9e dans la zone centrale du b\u00e2timent, pr\u00e8s de la piscine et de la zone de la promenade de Malgrat de Mar. Prot\u00e9g\u00e9e par de grands parasols et d\u00e9cor\u00e9e de belles jardini\u00e8res, notre grande terrasse est l\u2019espace id\u00e9al pour prendre un cocktail ou manger quelques-unes des sp\u00e9cialit\u00e9s qui peuvent \u00eatre pr\u00e9par\u00e9es dans le snack-bar tout au long de la journ\u00e9e.<\/p><p>C\u2019est \u00e9galement sur la terrasse que nos clients peuvent profiter de magnifiques spectacles et de spectacles amusants que l\u2019h\u00f4tel leur propose.<\/p>\t\t\t\t\t\t\t\t<\/div>\n\t\t\t\t<\/div>\n\t\t\t\t\t<\/div>\n\t\t<\/div>\n\t\t\t\t\t<\/div>\n\t\t<\/section>\n\t\t\t\t<\/div>\n\t\t","protected":false},"excerpt":{"rendered":"<p>JOUIR Un lieu de plaisir rafra\u00eechissant Nous pr\u00e9sentons l\u2019un des domaines pr\u00e9f\u00e9r\u00e9s de nos clients. Un endroit o\u00f9 vous pourrez profiter des plaisirs des vacances tels que se rafra\u00eechir dans la piscine ou bronzer tout en prenant un d\u00e9licieux ap\u00e9ritif. PISCINE DATE DE CL\u00d4TURE Le 1er novembre, la piscine de l\u2019h\u00f4tel sera ferm\u00e9e au public. [&hellip;]<\/p>\n","protected":false},"author":1,"featured_media":4069,"parent":4233,"menu_order":0,"comment_status":"closed","ping_status":"closed","template":"","meta":{"footnotes":""},"class_list":["post-4215","page","type-page","status-publish","has-post-thumbnail","hentry"],"_links":{"self":[{"href":"https:\/\/www.hotelsorradauradasplash.com\/fr\/wp-json\/wp\/v2\/pages\/4215","targetHints":{"allow":["GET"]}}],"collection":[{"href":"https:\/\/www.hotelsorradauradasplash.com\/fr\/wp-json\/wp\/v2\/pages"}],"about":[{"href":"https:\/\/www.hotelsorradauradasplash.com\/fr\/wp-json\/wp\/v2\/types\/page"}],"author":[{"embeddable":true,"href":"https:\/\/www.hotelsorradauradasplash.com\/fr\/wp-json\/wp\/v2\/users\/1"}],"replies":[{"embeddable":true,"href":"https:\/\/www.hotelsorradauradasplash.com\/fr\/wp-json\/wp\/v2\/comments?post=4215"}],"version-history":[{"count":0,"href":"https:\/\/www.hotelsorradauradasplash.com\/fr\/wp-json\/wp\/v2\/pages\/4215\/revisions"}],"up":[{"embeddable":true,"href":"https:\/\/www.hotelsorradauradasplash.com\/fr\/wp-json\/wp\/v2\/pages\/4233"}],"wp:featuredmedia":[{"embeddable":true,"href":"https:\/\/www.hotelsorradauradasplash.com\/fr\/wp-json\/wp\/v2\/media\/4069"}],"wp:attachment":[{"href":"https:\/\/www.hotelsorradauradasplash.com\/fr\/wp-json\/wp\/v2\/media?parent=4215"}],"curies":[{"name":"wp","href":"https:\/\/api.w.org\/{rel}","templated":true}]}}