{"id":4213,"date":"2022-04-19T22:38:32","date_gmt":"2022-04-19T20:38:32","guid":{"rendered":"https:\/\/www.hotelsorradauradasplash.com\/mini-club-pour-enfants\/"},"modified":"2024-06-19T13:08:42","modified_gmt":"2024-06-19T11:08:42","slug":"mini-club-pour-enfants","status":"publish","type":"page","link":"https:\/\/www.hotelsorradauradasplash.com\/fr\/services-et-installations\/mini-club-pour-enfants\/","title":{"rendered":"Mini-Club pour enfants"},"content":{"rendered":"\t\t<div data-elementor-type=\"wp-page\" data-elementor-id=\"4213\" class=\"elementor elementor-4213 elementor-1368\" data-elementor-post-type=\"page\">\n\t\t\t\t\t\t<section class=\"elementor-section elementor-top-section elementor-element elementor-element-cfa689e elementor-section-boxed elementor-section-height-default elementor-section-height-default\" data-id=\"cfa689e\" data-element_type=\"section\" data-e-type=\"section\" id=\"webcontent\" data-settings=\"{&quot;jet_parallax_layout_list&quot;:[],&quot;background_background&quot;:&quot;gradient&quot;,&quot;shape_divider_bottom&quot;:&quot;waves&quot;}\">\n\t\t\t\t\t<div class=\"elementor-shape elementor-shape-bottom\" aria-hidden=\"true\" data-negative=\"false\">\n\t\t\t<svg xmlns=\"http:\/\/www.w3.org\/2000\/svg\" viewBox=\"0 0 1000 100\" preserveAspectRatio=\"none\">\n\t<path class=\"elementor-shape-fill\" d=\"M421.9,6.5c22.6-2.5,51.5,0.4,75.5,5.3c23.6,4.9,70.9,23.5,100.5,35.7c75.8,32.2,133.7,44.5,192.6,49.7\n\tc23.6,2.1,48.7,3.5,103.4-2.5c54.7-6,106.2-25.6,106.2-25.6V0H0v30.3c0,0,72,32.6,158.4,30.5c39.2-0.7,92.8-6.7,134-22.4\n\tc21.2-8.1,52.2-18.2,79.7-24.2C399.3,7.9,411.6,7.5,421.9,6.5z\"\/>\n<\/svg>\t\t<\/div>\n\t\t\t\t\t<div class=\"elementor-container elementor-column-gap-default\">\n\t\t\t\t\t<div class=\"elementor-column elementor-col-100 elementor-top-column elementor-element elementor-element-1370c5f\" data-id=\"1370c5f\" data-element_type=\"column\" data-e-type=\"column\">\n\t\t\t<div class=\"elementor-widget-wrap elementor-element-populated\">\n\t\t\t\t\t\t<div class=\"elementor-element elementor-element-73d84b5 elementor-widget elementor-widget-heading\" data-id=\"73d84b5\" data-element_type=\"widget\" data-e-type=\"widget\" data-widget_type=\"heading.default\">\n\t\t\t\t<div class=\"elementor-widget-container\">\n\t\t\t\t\t<h4 class=\"elementor-heading-title elementor-size-default\">ANIMATIONS POUR ENFANTS<\/h4>\t\t\t\t<\/div>\n\t\t\t\t<\/div>\n\t\t\t\t<div class=\"elementor-element elementor-element-5d6d042 elementor-widget elementor-widget-heading\" data-id=\"5d6d042\" data-element_type=\"widget\" data-e-type=\"widget\" data-widget_type=\"heading.default\">\n\t\t\t\t<div class=\"elementor-widget-container\">\n\t\t\t\t\t<h2 class=\"elementor-heading-title elementor-size-default\">Mini Club<\/h2>\t\t\t\t<\/div>\n\t\t\t\t<\/div>\n\t\t\t\t<div class=\"elementor-element elementor-element-e504789 elementor-widget__width-initial elementor-widget elementor-widget-text-editor\" data-id=\"e504789\" data-element_type=\"widget\" data-e-type=\"widget\" data-widget_type=\"text-editor.default\">\n\t\t\t\t<div class=\"elementor-widget-container\">\n\t\t\t\t\t\t\t\t\t<p>\u00c0 l\u2019H\u00f4tel Sorra Daurada Splash, nous offrons \u00e0 nos plus jeunes clients notre Miniclub.<\/p>\n<p>Notre \u00e9quipe d\u2019animateurs, parlant catalan, espagnol, fran\u00e7ais, italien, anglais et n\u00e9erlandais, pr\u00e9pare quotidiennement un programme d\u2019activit\u00e9s pour ne pas s\u2019ennuyer.<\/p>\n\t\t\t\t\t\t\t\t<\/div>\n\t\t\t\t<\/div>\n\t\t\t\t\t<\/div>\n\t\t<\/div>\n\t\t\t\t\t<\/div>\n\t\t<\/section>\n\t\t\t\t<section class=\"elementor-section elementor-top-section elementor-element elementor-element-c56a00f elementor-section-boxed elementor-section-height-default elementor-section-height-default\" data-id=\"c56a00f\" data-element_type=\"section\" data-e-type=\"section\" data-settings=\"{&quot;jet_parallax_layout_list&quot;:[],&quot;background_background&quot;:&quot;classic&quot;}\">\n\t\t\t\t\t\t<div class=\"elementor-container elementor-column-gap-default\">\n\t\t\t\t\t<div class=\"elementor-column elementor-col-50 elementor-top-column elementor-element elementor-element-859bc72\" data-id=\"859bc72\" data-element_type=\"column\" data-e-type=\"column\">\n\t\t\t<div class=\"elementor-widget-wrap elementor-element-populated\">\n\t\t\t\t\t\t<div class=\"elementor-element elementor-element-bf82336 elementor-arrows-position-inside elementor-pagination-position-outside elementor-widget elementor-widget-image-carousel\" data-id=\"bf82336\" data-element_type=\"widget\" data-e-type=\"widget\" data-settings=\"{&quot;slides_to_show&quot;:&quot;1&quot;,&quot;navigation&quot;:&quot;both&quot;,&quot;autoplay&quot;:&quot;yes&quot;,&quot;pause_on_hover&quot;:&quot;yes&quot;,&quot;pause_on_interaction&quot;:&quot;yes&quot;,&quot;autoplay_speed&quot;:5000,&quot;infinite&quot;:&quot;yes&quot;,&quot;effect&quot;:&quot;slide&quot;,&quot;speed&quot;:500}\" data-widget_type=\"image-carousel.default\">\n\t\t\t\t<div class=\"elementor-widget-container\">\n\t\t\t\t\t\t\t<div class=\"elementor-image-carousel-wrapper swiper\" role=\"region\" aria-roledescription=\"carousel\" aria-label=\"Carrousel d\u2019images\" dir=\"ltr\">\n\t\t\t<div class=\"elementor-image-carousel swiper-wrapper\" aria-live=\"off\">\n\t\t\t\t\t\t\t\t<div class=\"swiper-slide\" role=\"group\" aria-roledescription=\"slide\" aria-label=\"1 sur 9\"><figure class=\"swiper-slide-inner\"><img decoding=\"async\" class=\"swiper-slide-image\" src=\"https:\/\/www.hotelsorradauradasplash.com\/wp-content\/uploads\/2023\/04\/carusel-animacion_0000_6bdbbe30-1675-420c-a01f-810094852da4-1024x768.jpg\" alt=\"carusel-animacion_0000_6bdbbe30-1675-420c-a01f-810094852da4\" title=\"\"><\/figure><\/div><div class=\"swiper-slide\" role=\"group\" aria-roledescription=\"slide\" aria-label=\"2 sur 9\"><figure class=\"swiper-slide-inner\"><img decoding=\"async\" class=\"swiper-slide-image\" src=\"https:\/\/www.hotelsorradauradasplash.com\/wp-content\/uploads\/2023\/04\/carusel-animacion_0001_11f1fa88-f5e5-4f11-bea2-03210d04c9af-1024x768.jpg\" alt=\"carusel-animacion_0001_11f1fa88-f5e5-4f11-bea2-03210d04c9af\" title=\"\"><\/figure><\/div><div class=\"swiper-slide\" role=\"group\" aria-roledescription=\"slide\" aria-label=\"3 sur 9\"><figure class=\"swiper-slide-inner\"><img decoding=\"async\" class=\"swiper-slide-image\" src=\"https:\/\/www.hotelsorradauradasplash.com\/wp-content\/uploads\/2023\/04\/carusel-animacion_0002_18beb31b-8935-4df9-a38d-b71e2ddd04fc-1024x768.jpg\" alt=\"carusel-animacion_0002_18beb31b-8935-4df9-a38d-b71e2ddd04fc\" title=\"\"><\/figure><\/div><div class=\"swiper-slide\" role=\"group\" aria-roledescription=\"slide\" aria-label=\"4 sur 9\"><figure class=\"swiper-slide-inner\"><img decoding=\"async\" class=\"swiper-slide-image\" src=\"https:\/\/www.hotelsorradauradasplash.com\/wp-content\/uploads\/2023\/04\/carusel-animacion_0003_27ecd5ef-02d6-4a96-a89d-50b93a155326-1024x768.jpg\" alt=\"carusel-animacion_0003_27ecd5ef-02d6-4a96-a89d-50b93a155326\" title=\"\"><\/figure><\/div><div class=\"swiper-slide\" role=\"group\" aria-roledescription=\"slide\" aria-label=\"5 sur 9\"><figure class=\"swiper-slide-inner\"><img decoding=\"async\" class=\"swiper-slide-image\" src=\"https:\/\/www.hotelsorradauradasplash.com\/wp-content\/uploads\/2023\/04\/carusel-animacion_0004_66f660cc-909b-4b1c-8de7-6c3df676ae00-1024x768.jpg\" alt=\"carusel-animacion_0004_66f660cc-909b-4b1c-8de7-6c3df676ae00\" title=\"\"><\/figure><\/div><div class=\"swiper-slide\" role=\"group\" aria-roledescription=\"slide\" aria-label=\"6 sur 9\"><figure class=\"swiper-slide-inner\"><img decoding=\"async\" class=\"swiper-slide-image\" src=\"https:\/\/www.hotelsorradauradasplash.com\/wp-content\/uploads\/2023\/04\/carusel-animacion_0006_IMG_5776-1024x768.jpg\" alt=\"carusel-animacion_0006_IMG_5776\" title=\"\"><\/figure><\/div><div class=\"swiper-slide\" role=\"group\" aria-roledescription=\"slide\" aria-label=\"7 sur 9\"><figure class=\"swiper-slide-inner\"><img decoding=\"async\" class=\"swiper-slide-image\" src=\"https:\/\/www.hotelsorradauradasplash.com\/wp-content\/uploads\/2023\/04\/carusel-animacion_0007_IMG_3003-1024x768.jpg\" alt=\"carusel-animacion_0007_IMG_3003\" title=\"\"><\/figure><\/div><div class=\"swiper-slide\" role=\"group\" aria-roledescription=\"slide\" aria-label=\"8 sur 9\"><figure class=\"swiper-slide-inner\"><img decoding=\"async\" class=\"swiper-slide-image\" src=\"https:\/\/www.hotelsorradauradasplash.com\/wp-content\/uploads\/2023\/04\/carusel-animacion_0008_IMG_2928-1024x768.jpg\" alt=\"carusel-animacion_0008_IMG_2928\" title=\"\"><\/figure><\/div><div class=\"swiper-slide\" role=\"group\" aria-roledescription=\"slide\" aria-label=\"9 sur 9\"><figure class=\"swiper-slide-inner\"><img decoding=\"async\" class=\"swiper-slide-image\" src=\"https:\/\/www.hotelsorradauradasplash.com\/wp-content\/uploads\/2023\/04\/carusel-animacion-blancanieves-1024x768.jpg\" alt=\"carusel-animacion-blancanieves\" title=\"\"><\/figure><\/div>\t\t\t<\/div>\n\t\t\t\t\t\t\t\t\t\t\t\t<div class=\"elementor-swiper-button elementor-swiper-button-prev\" role=\"button\" tabindex=\"0\">\n\t\t\t\t\t\t<i aria-hidden=\"true\" class=\"eicon-chevron-left\"><\/i>\t\t\t\t\t<\/div>\n\t\t\t\t\t<div class=\"elementor-swiper-button elementor-swiper-button-next\" role=\"button\" tabindex=\"0\">\n\t\t\t\t\t\t<i aria-hidden=\"true\" class=\"eicon-chevron-right\"><\/i>\t\t\t\t\t<\/div>\n\t\t\t\t\n\t\t\t\t\t\t\t\t\t<div class=\"swiper-pagination\"><\/div>\n\t\t\t\t\t\t\t\t\t<\/div>\n\t\t\t\t\t\t<\/div>\n\t\t\t\t<\/div>\n\t\t\t\t\t<\/div>\n\t\t<\/div>\n\t\t\t\t<div class=\"elementor-column elementor-col-50 elementor-top-column elementor-element elementor-element-225b5c4\" data-id=\"225b5c4\" data-element_type=\"column\" data-e-type=\"column\">\n\t\t\t<div class=\"elementor-widget-wrap elementor-element-populated\">\n\t\t\t\t\t\t<div class=\"elementor-element elementor-element-d519079 elementor-position-inline-start elementor-view-default elementor-mobile-position-block-start elementor-widget elementor-widget-icon-box\" data-id=\"d519079\" data-element_type=\"widget\" data-e-type=\"widget\" data-widget_type=\"icon-box.default\">\n\t\t\t\t<div class=\"elementor-widget-container\">\n\t\t\t\t\t\t\t<div class=\"elementor-icon-box-wrapper\">\n\n\t\t\t\t\t\t<div class=\"elementor-icon-box-icon\">\n\t\t\t\t<span  class=\"elementor-icon\">\n\t\t\t\t<i aria-hidden=\"true\" class=\"far fa-smile-wink\"><\/i>\t\t\t\t<\/span>\n\t\t\t<\/div>\n\t\t\t\n\t\t\t\t\t\t<div class=\"elementor-icon-box-content\">\n\n\t\t\t\t\t\t\t\t\t<h3 class=\"elementor-icon-box-title\">\n\t\t\t\t\t\t<span  >\n\t\t\t\t\t\t\tAnimation COMPL\u00c8TE\t\t\t\t\t\t<\/span>\n\t\t\t\t\t<\/h3>\n\t\t\t\t\n\t\t\t\t\n\t\t\t<\/div>\n\t\t\t\n\t\t<\/div>\n\t\t\t\t\t\t<\/div>\n\t\t\t\t<\/div>\n\t\t\t\t<div class=\"elementor-element elementor-element-ce07b40 elementor-widget elementor-widget-text-editor\" data-id=\"ce07b40\" data-element_type=\"widget\" data-e-type=\"widget\" data-widget_type=\"text-editor.default\">\n\t\t\t\t<div class=\"elementor-widget-container\">\n\t\t\t\t\t\t\t\t\t<p>L\u2019ordre du jour pr\u00e9vu comprend une vari\u00e9t\u00e9 d\u2019\u00e9v\u00e9nements dirig\u00e9s par les observateurs. Par exemple, Disney Day, Mini Chef, chor\u00e9graphie et danse, Mini-Disco, journ\u00e9es \u00e0 th\u00e8me ou activit\u00e9s sur l\u2019eau.<\/p>\n<p>Le club est un espace id\u00e9al pour rencontrer de nouveaux amis, jouer, faire de l\u2019artisanat, danser, peindre, regarder des films et bien d\u2019autres activit\u00e9s, toujours dirig\u00e9es par notre \u00e9quipe d\u2019animation.<\/p>\n\t\t\t\t\t\t\t\t<\/div>\n\t\t\t\t<\/div>\n\t\t\t\t\t<\/div>\n\t\t<\/div>\n\t\t\t\t\t<\/div>\n\t\t<\/section>\n\t\t\t\t<section class=\"elementor-section elementor-top-section elementor-element elementor-element-79f8957 elementor-reverse-tablet elementor-section-boxed elementor-section-height-default elementor-section-height-default\" data-id=\"79f8957\" data-element_type=\"section\" data-e-type=\"section\" data-settings=\"{&quot;jet_parallax_layout_list&quot;:[],&quot;background_background&quot;:&quot;classic&quot;}\">\n\t\t\t\t\t\t<div class=\"elementor-container elementor-column-gap-default\">\n\t\t\t\t\t<div class=\"elementor-column elementor-col-50 elementor-top-column elementor-element elementor-element-014daaa\" data-id=\"014daaa\" data-element_type=\"column\" data-e-type=\"column\">\n\t\t\t<div class=\"elementor-widget-wrap elementor-element-populated\">\n\t\t\t\t\t\t<div class=\"elementor-element elementor-element-339299b elementor-position-inline-start elementor-view-default elementor-mobile-position-block-start elementor-widget elementor-widget-icon-box\" data-id=\"339299b\" data-element_type=\"widget\" data-e-type=\"widget\" data-widget_type=\"icon-box.default\">\n\t\t\t\t<div class=\"elementor-widget-container\">\n\t\t\t\t\t\t\t<div class=\"elementor-icon-box-wrapper\">\n\n\t\t\t\t\t\t<div class=\"elementor-icon-box-icon\">\n\t\t\t\t<span  class=\"elementor-icon\">\n\t\t\t\t<i aria-hidden=\"true\" class=\"fas fa-child\"><\/i>\t\t\t\t<\/span>\n\t\t\t<\/div>\n\t\t\t\n\t\t\t\t\t\t<div class=\"elementor-icon-box-content\">\n\n\t\t\t\t\t\t\t\t\t<h3 class=\"elementor-icon-box-title\">\n\t\t\t\t\t\t<span  >\n\t\t\t\t\t\t\tTERRAIN DE JEU\t\t\t\t\t\t<\/span>\n\t\t\t\t\t<\/h3>\n\t\t\t\t\n\t\t\t\t\n\t\t\t<\/div>\n\t\t\t\n\t\t<\/div>\n\t\t\t\t\t\t<\/div>\n\t\t\t\t<\/div>\n\t\t\t\t<div class=\"elementor-element elementor-element-55f64e3 elementor-widget elementor-widget-text-editor\" data-id=\"55f64e3\" data-element_type=\"widget\" data-e-type=\"widget\" data-widget_type=\"text-editor.default\">\n\t\t\t\t<div class=\"elementor-widget-container\">\n\t\t\t\t\t\t\t\t\t<p>Dans notre aire de jeux, les enfants de tous \u00e2ges peuvent profiter du plein air et br\u00fbler toute leur \u00e9nergie sur les balan\u00e7oires et les toboggans toujours amusants.<\/p>\n<p>Un endroit id\u00e9al o\u00f9 vous pourrez vous divertir pendant des heures et partager des aventures fantastiques avec d\u2019autres enfants.<\/p>\n\t\t\t\t\t\t\t\t<\/div>\n\t\t\t\t<\/div>\n\t\t\t\t\t<\/div>\n\t\t<\/div>\n\t\t\t\t<div class=\"elementor-column elementor-col-50 elementor-top-column elementor-element elementor-element-4f137d9\" data-id=\"4f137d9\" data-element_type=\"column\" data-e-type=\"column\">\n\t\t\t<div class=\"elementor-widget-wrap elementor-element-populated\">\n\t\t\t\t\t\t<div class=\"elementor-element elementor-element-343e478 elementor-widget elementor-widget-image\" data-id=\"343e478\" data-element_type=\"widget\" data-e-type=\"widget\" data-widget_type=\"image.default\">\n\t\t\t\t<div class=\"elementor-widget-container\">\n\t\t\t\t\t\t\t\t\t\t\t\t\t\t\t<img fetchpriority=\"high\" decoding=\"async\" width=\"800\" height=\"600\" src=\"https:\/\/www.hotelsorradauradasplash.com\/wp-content\/uploads\/2023\/04\/IMG_2991-1024x768.jpeg\" class=\"attachment-large size-large wp-image-4073\" alt=\"\" srcset=\"https:\/\/www.hotelsorradauradasplash.com\/wp-content\/uploads\/2023\/04\/IMG_2991-1024x768.jpeg 1024w, https:\/\/www.hotelsorradauradasplash.com\/wp-content\/uploads\/2023\/04\/IMG_2991-300x225.jpeg 300w, https:\/\/www.hotelsorradauradasplash.com\/wp-content\/uploads\/2023\/04\/IMG_2991-768x576.jpeg 768w, https:\/\/www.hotelsorradauradasplash.com\/wp-content\/uploads\/2023\/04\/IMG_2991-1536x1152.jpeg 1536w, https:\/\/www.hotelsorradauradasplash.com\/wp-content\/uploads\/2023\/04\/IMG_2991-2048x1536.jpeg 2048w\" sizes=\"(max-width: 800px) 100vw, 800px\" title=\"\">\t\t\t\t\t\t\t\t\t\t\t\t\t\t\t<\/div>\n\t\t\t\t<\/div>\n\t\t\t\t\t<\/div>\n\t\t<\/div>\n\t\t\t\t\t<\/div>\n\t\t<\/section>\n\t\t\t\t<section class=\"elementor-section elementor-top-section elementor-element elementor-element-dd3d6e0 elementor-reverse-tablet elementor-section-boxed elementor-section-height-default elementor-section-height-default\" data-id=\"dd3d6e0\" data-element_type=\"section\" data-e-type=\"section\" data-settings=\"{&quot;jet_parallax_layout_list&quot;:[],&quot;background_background&quot;:&quot;classic&quot;}\">\n\t\t\t\t\t\t<div class=\"elementor-container elementor-column-gap-default\">\n\t\t\t\t\t<div class=\"elementor-column elementor-col-50 elementor-top-column elementor-element elementor-element-4807201\" data-id=\"4807201\" data-element_type=\"column\" data-e-type=\"column\">\n\t\t\t<div class=\"elementor-widget-wrap elementor-element-populated\">\n\t\t\t\t\t\t<div class=\"elementor-element elementor-element-867536d elementor-widget elementor-widget-image\" data-id=\"867536d\" data-element_type=\"widget\" data-e-type=\"widget\" data-widget_type=\"image.default\">\n\t\t\t\t<div class=\"elementor-widget-container\">\n\t\t\t\t\t\t\t\t\t\t\t\t\t\t\t<img decoding=\"async\" width=\"800\" height=\"534\" src=\"https:\/\/www.hotelsorradauradasplash.com\/wp-content\/uploads\/2023\/03\/A7081FB3-CFA3-434D-8926-6C8A99528F71-1024x684.jpeg\" class=\"attachment-large size-large wp-image-3815\" alt=\"\" srcset=\"https:\/\/www.hotelsorradauradasplash.com\/wp-content\/uploads\/2023\/03\/A7081FB3-CFA3-434D-8926-6C8A99528F71-1024x684.jpeg 1024w, https:\/\/www.hotelsorradauradasplash.com\/wp-content\/uploads\/2023\/03\/A7081FB3-CFA3-434D-8926-6C8A99528F71-300x200.jpeg 300w, https:\/\/www.hotelsorradauradasplash.com\/wp-content\/uploads\/2023\/03\/A7081FB3-CFA3-434D-8926-6C8A99528F71-768x513.jpeg 768w, https:\/\/www.hotelsorradauradasplash.com\/wp-content\/uploads\/2023\/03\/A7081FB3-CFA3-434D-8926-6C8A99528F71-1536x1025.jpeg 1536w, https:\/\/www.hotelsorradauradasplash.com\/wp-content\/uploads\/2023\/03\/A7081FB3-CFA3-434D-8926-6C8A99528F71-2048x1367.jpeg 2048w\" sizes=\"(max-width: 800px) 100vw, 800px\" title=\"\">\t\t\t\t\t\t\t\t\t\t\t\t\t\t\t<\/div>\n\t\t\t\t<\/div>\n\t\t\t\t\t<\/div>\n\t\t<\/div>\n\t\t\t\t<div class=\"elementor-column elementor-col-50 elementor-top-column elementor-element elementor-element-b95c0af\" data-id=\"b95c0af\" data-element_type=\"column\" data-e-type=\"column\">\n\t\t\t<div class=\"elementor-widget-wrap elementor-element-populated\">\n\t\t\t\t\t\t<div class=\"elementor-element elementor-element-7126d19 elementor-position-inline-start elementor-view-default elementor-mobile-position-block-start elementor-widget elementor-widget-icon-box\" data-id=\"7126d19\" data-element_type=\"widget\" data-e-type=\"widget\" data-widget_type=\"icon-box.default\">\n\t\t\t\t<div class=\"elementor-widget-container\">\n\t\t\t\t\t\t\t<div class=\"elementor-icon-box-wrapper\">\n\n\t\t\t\t\t\t<div class=\"elementor-icon-box-icon\">\n\t\t\t\t<span  class=\"elementor-icon\">\n\t\t\t\t<i aria-hidden=\"true\" class=\"fas fa-water\"><\/i>\t\t\t\t<\/span>\n\t\t\t<\/div>\n\t\t\t\n\t\t\t\t\t\t<div class=\"elementor-icon-box-content\">\n\n\t\t\t\t\t\t\t\t\t<h3 class=\"elementor-icon-box-title\">\n\t\t\t\t\t\t<span  >\n\t\t\t\t\t\t\tPISCINA INFANTIL\t\t\t\t\t\t<\/span>\n\t\t\t\t\t<\/h3>\n\t\t\t\t\n\t\t\t\t\n\t\t\t<\/div>\n\t\t\t\n\t\t<\/div>\n\t\t\t\t\t\t<\/div>\n\t\t\t\t<\/div>\n\t\t\t\t<div class=\"elementor-element elementor-element-742dee9 elementor-widget elementor-widget-text-editor\" data-id=\"742dee9\" data-element_type=\"widget\" data-e-type=\"widget\" data-widget_type=\"text-editor.default\">\n\t\t\t\t<div class=\"elementor-widget-container\">\n\t\t\t\t\t\t\t\t\t<p>Notre pataugeoire est toujours un succ\u00e8s aupr\u00e8s des plus petits.<\/p>\n<p>Se rafra\u00eechir et jouer avec la s\u00e9curit\u00e9 d\u2019une piscine adapt\u00e9e aux besoins des enfants, est la meilleure fa\u00e7on de passer de merveilleuses vacances en famille.<\/p>\n<p>Rien de mieux qu\u2019un bon plongeon pour apaiser la chaleur estivale! Nos plus jeunes clients profiteront d\u2019une piscine sp\u00e9cialement con\u00e7ue pour eux.<\/p>\n\t\t\t\t\t\t\t\t<\/div>\n\t\t\t\t<\/div>\n\t\t\t\t\t<\/div>\n\t\t<\/div>\n\t\t\t\t\t<\/div>\n\t\t<\/section>\n\t\t\t\t<\/div>\n\t\t","protected":false},"excerpt":{"rendered":"<p>ANIMATIONS POUR ENFANTS Mini Club \u00c0 l\u2019H\u00f4tel Sorra Daurada Splash, nous offrons \u00e0 nos plus jeunes clients notre Miniclub. Notre \u00e9quipe d\u2019animateurs, parlant catalan, espagnol, fran\u00e7ais, italien, anglais et n\u00e9erlandais, pr\u00e9pare quotidiennement un programme d\u2019activit\u00e9s pour ne pas s\u2019ennuyer. Animation COMPL\u00c8TE L\u2019ordre du jour pr\u00e9vu comprend une vari\u00e9t\u00e9 d\u2019\u00e9v\u00e9nements dirig\u00e9s par les observateurs. Par exemple, [&hellip;]<\/p>\n","protected":false},"author":1,"featured_media":4073,"parent":4233,"menu_order":0,"comment_status":"closed","ping_status":"closed","template":"","meta":{"footnotes":""},"class_list":["post-4213","page","type-page","status-publish","has-post-thumbnail","hentry"],"_links":{"self":[{"href":"https:\/\/www.hotelsorradauradasplash.com\/fr\/wp-json\/wp\/v2\/pages\/4213","targetHints":{"allow":["GET"]}}],"collection":[{"href":"https:\/\/www.hotelsorradauradasplash.com\/fr\/wp-json\/wp\/v2\/pages"}],"about":[{"href":"https:\/\/www.hotelsorradauradasplash.com\/fr\/wp-json\/wp\/v2\/types\/page"}],"author":[{"embeddable":true,"href":"https:\/\/www.hotelsorradauradasplash.com\/fr\/wp-json\/wp\/v2\/users\/1"}],"replies":[{"embeddable":true,"href":"https:\/\/www.hotelsorradauradasplash.com\/fr\/wp-json\/wp\/v2\/comments?post=4213"}],"version-history":[{"count":0,"href":"https:\/\/www.hotelsorradauradasplash.com\/fr\/wp-json\/wp\/v2\/pages\/4213\/revisions"}],"up":[{"embeddable":true,"href":"https:\/\/www.hotelsorradauradasplash.com\/fr\/wp-json\/wp\/v2\/pages\/4233"}],"wp:featuredmedia":[{"embeddable":true,"href":"https:\/\/www.hotelsorradauradasplash.com\/fr\/wp-json\/wp\/v2\/media\/4073"}],"wp:attachment":[{"href":"https:\/\/www.hotelsorradauradasplash.com\/fr\/wp-json\/wp\/v2\/media?parent=4213"}],"curies":[{"name":"wp","href":"https:\/\/api.w.org\/{rel}","templated":true}]}}